{"id":16478,"date":"2025-02-04T01:41:53","date_gmt":"2025-02-04T04:41:53","guid":{"rendered":"https:\/\/www.claudiarudge.com\/textes\/"},"modified":"2025-11-04T10:02:11","modified_gmt":"2025-11-04T13:02:11","slug":"textes","status":"publish","type":"page","link":"https:\/\/www.claudiarudge.com\/fr\/textes\/","title":{"rendered":"textes"},"content":{"rendered":"\t\t<div data-elementor-type=\"wp-page\" data-elementor-id=\"16478\" class=\"elementor elementor-16478 elementor-14871\" data-elementor-post-type=\"page\">\n\t\t\t\t<div class=\"elementor-element elementor-element-ded8c74 e-flex e-con-boxed e-con e-parent\" data-id=\"ded8c74\" data-element_type=\"container\" data-e-type=\"container\">\n\t\t\t\t\t<div class=\"e-con-inner\">\n\t\t\t\t<div class=\"elementor-element elementor-element-66fa27e elementor-grid-1 elementor-grid-tablet-2 elementor-grid-mobile-1 elementor-widget elementor-widget-loop-grid\" data-id=\"66fa27e\" data-element_type=\"widget\" data-e-type=\"widget\" data-settings=\"{&quot;template_id&quot;:14864,&quot;columns&quot;:1,&quot;pagination_type&quot;:&quot;numbers_and_prev_next&quot;,&quot;_skin&quot;:&quot;post&quot;,&quot;columns_tablet&quot;:&quot;2&quot;,&quot;columns_mobile&quot;:&quot;1&quot;,&quot;edit_handle_selector&quot;:&quot;[data-elementor-type=\\&quot;loop-item\\&quot;]&quot;,&quot;pagination_load_type&quot;:&quot;page_reload&quot;,&quot;row_gap&quot;:{&quot;unit&quot;:&quot;px&quot;,&quot;size&quot;:&quot;&quot;,&quot;sizes&quot;:[]},&quot;row_gap_tablet&quot;:{&quot;unit&quot;:&quot;px&quot;,&quot;size&quot;:&quot;&quot;,&quot;sizes&quot;:[]},&quot;row_gap_mobile&quot;:{&quot;unit&quot;:&quot;px&quot;,&quot;size&quot;:&quot;&quot;,&quot;sizes&quot;:[]}}\" data-widget_type=\"loop-grid.post\">\n\t\t\t\t<div class=\"elementor-widget-container\">\n\t\t\t\t\t\t\t<div class=\"elementor-loop-container elementor-grid\" role=\"list\">\n\t\t<style id=\"loop-14864\">.elementor-14864 .elementor-element.elementor-element-d262fbb{--display:flex;--flex-direction:column;--container-widget-width:100%;--container-widget-height:initial;--container-widget-flex-grow:0;--container-widget-align-self:initial;--flex-wrap-mobile:wrap;--border-radius:1px 1px 1px 1px;box-shadow:0px 0px 1px 0px rgba(0,0,0,0.5);}.elementor-14864 .elementor-element.elementor-element-37a0726{--display:flex;--flex-direction:row;--container-widget-width:initial;--container-widget-height:100%;--container-widget-flex-grow:1;--container-widget-align-self:stretch;--flex-wrap-mobile:wrap;border-style:none;--border-style:none;--border-radius:1px 1px 1px 1px;}.elementor-widget-post-info .elementor-icon-list-item:not(:last-child):after{border-color:var( --e-global-color-text );}.elementor-widget-post-info .elementor-icon-list-icon i{color:var( --e-global-color-primary );}.elementor-widget-post-info .elementor-icon-list-icon svg{fill:var( --e-global-color-primary );}.elementor-widget-post-info .elementor-icon-list-text, .elementor-widget-post-info .elementor-icon-list-text a{color:var( --e-global-color-secondary );}.elementor-widget-post-info .elementor-icon-list-item{font-family:var( --e-global-typography-text-font-family ), Sans-serif;font-weight:var( --e-global-typography-text-font-weight );}.elementor-14864 .elementor-element.elementor-element-245e7a2 .elementor-icon-list-icon i{color:var( --e-global-color-accent );font-size:14px;}.elementor-14864 .elementor-element.elementor-element-245e7a2 .elementor-icon-list-icon svg{fill:var( --e-global-color-accent );--e-icon-list-icon-size:14px;}.elementor-14864 .elementor-element.elementor-element-245e7a2 .elementor-icon-list-icon{width:14px;}.elementor-14864 .elementor-element.elementor-element-245e7a2 .elementor-icon-list-text, .elementor-14864 .elementor-element.elementor-element-245e7a2 .elementor-icon-list-text a{color:var( --e-global-color-accent );}.elementor-14864 .elementor-element.elementor-element-245e7a2 .elementor-icon-list-item{font-family:\"Montserrat\", Sans-serif;font-size:13px;font-weight:400;}.elementor-widget-theme-post-title .elementor-heading-title{font-family:var( --e-global-typography-primary-font-family ), Sans-serif;font-weight:var( --e-global-typography-primary-font-weight );color:var( --e-global-color-primary );}.elementor-14864 .elementor-element.elementor-element-86b3807 .elementor-heading-title{font-family:\"Montserrat\", Sans-serif;font-size:17px;font-weight:300;-webkit-text-stroke-width:0px;stroke-width:0px;-webkit-text-stroke-color:#000;stroke:#000;color:var( --e-global-color-accent );}.elementor-widget-theme-post-excerpt{font-family:var( --e-global-typography-text-font-family ), Sans-serif;font-weight:var( --e-global-typography-text-font-weight );color:var( --e-global-color-text );}.elementor-14864 .elementor-element.elementor-element-339bb26{font-family:\"Montserrat\", Sans-serif;font-size:14px;font-weight:400;color:var( --e-global-color-text );}@media(max-width:767px){.elementor-14864 .elementor-element.elementor-element-86b3807 .elementor-heading-title{font-size:15px;}}@media(min-width:768px){.elementor-14864 .elementor-element.elementor-element-d262fbb{--content-width:100%;}}<\/style>\t\t<div data-elementor-type=\"loop-item\" data-elementor-id=\"14864\" class=\"elementor elementor-14864 e-loop-item e-loop-item-19942 post-19942 texto type-texto status-publish format-standard hentry tag-entrevista\" data-elementor-post-type=\"elementor_library\" data-custom-edit-handle=\"1\">\n\t\t\t<div class=\"elementor-element elementor-element-d262fbb e-flex e-con-boxed e-con e-parent\" data-id=\"d262fbb\" data-element_type=\"container\" data-e-type=\"container\">\n\t\t\t\t\t<div class=\"e-con-inner\">\n\t\t<div class=\"elementor-element elementor-element-37a0726 e-con-full e-flex e-con e-child\" data-id=\"37a0726\" data-element_type=\"container\" data-e-type=\"container\">\n\t\t\t\t<div class=\"elementor-element elementor-element-245e7a2 elementor-widget elementor-widget-post-info\" data-id=\"245e7a2\" data-element_type=\"widget\" data-e-type=\"widget\" data-widget_type=\"post-info.default\">\n\t\t\t\t\t\t\t<ul class=\"elementor-inline-items elementor-icon-list-items elementor-post-info\">\n\t\t\t\t\t\t\t\t<li class=\"elementor-icon-list-item elementor-repeater-item-1671491 elementor-inline-item\">\n\t\t\t\t\t\t\t\t\t\t<span class=\"elementor-icon-list-icon\">\n\t\t\t\t\t\t\t\t<i aria-hidden=\"true\" class=\"fas fa-tags\"><\/i>\t\t\t\t\t\t\t<\/span>\n\t\t\t\t\t\t\t\t\t<span class=\"elementor-icon-list-text elementor-post-info__item elementor-post-info__item--type-custom\">\n\t\t\t\t\t\t\t\t\t\t&nbsp;<a href=\"https:\/\/www.claudiarudge.com\/fr\/tag\/entrevista\/\" rel=\"tag\">entrevista<\/a>\t\t\t\t\t<\/span>\n\t\t\t\t\t\t\t\t<\/li>\n\t\t\t\t<\/ul>\n\t\t\t\t\t\t<\/div>\n\t\t\t\t<\/div>\n\t\t\t\t<div class=\"elementor-element elementor-element-86b3807 elementor-widget elementor-widget-theme-post-title elementor-page-title elementor-widget-heading\" data-id=\"86b3807\" data-element_type=\"widget\" data-e-type=\"widget\" data-widget_type=\"theme-post-title.default\">\n\t\t\t\t\t<h1 class=\"elementor-heading-title elementor-size-default\"><a href=\"https:\/\/www.claudiarudge.com\/fr\/texto\/materialite-et-photographie\/\" target=\"_blank\">Mat\u00e9rialit\u00e9 et Photographie<\/a><\/h1>\t\t\t\t<\/div>\n\t\t\t\t<div class=\"elementor-element elementor-element-339bb26 elementor-widget elementor-widget-theme-post-excerpt\" data-id=\"339bb26\" data-element_type=\"widget\" data-e-type=\"widget\" data-widget_type=\"theme-post-excerpt.default\">\n\t\t\t\t\tOctobre 2025\t\t\t\t<\/div>\n\t\t\t\t\t<\/div>\n\t\t\t\t<\/div>\n\t\t\t\t<\/div>\n\t\t\t\t<div data-elementor-type=\"loop-item\" data-elementor-id=\"14864\" class=\"elementor elementor-14864 e-loop-item e-loop-item-19366 post-19366 texto type-texto status-publish format-standard hentry tag-texte\" data-elementor-post-type=\"elementor_library\" data-custom-edit-handle=\"1\">\n\t\t\t<div class=\"elementor-element elementor-element-d262fbb e-flex e-con-boxed e-con e-parent\" data-id=\"d262fbb\" data-element_type=\"container\" data-e-type=\"container\">\n\t\t\t\t\t<div class=\"e-con-inner\">\n\t\t<div class=\"elementor-element elementor-element-37a0726 e-con-full e-flex e-con e-child\" data-id=\"37a0726\" data-element_type=\"container\" data-e-type=\"container\">\n\t\t\t\t<div class=\"elementor-element elementor-element-245e7a2 elementor-widget elementor-widget-post-info\" data-id=\"245e7a2\" data-element_type=\"widget\" data-e-type=\"widget\" data-widget_type=\"post-info.default\">\n\t\t\t\t\t\t\t<ul class=\"elementor-inline-items elementor-icon-list-items elementor-post-info\">\n\t\t\t\t\t\t\t\t<li class=\"elementor-icon-list-item elementor-repeater-item-1671491 elementor-inline-item\">\n\t\t\t\t\t\t\t\t\t\t<span class=\"elementor-icon-list-icon\">\n\t\t\t\t\t\t\t\t<i aria-hidden=\"true\" class=\"fas fa-tags\"><\/i>\t\t\t\t\t\t\t<\/span>\n\t\t\t\t\t\t\t\t\t<span class=\"elementor-icon-list-text elementor-post-info__item elementor-post-info__item--type-custom\">\n\t\t\t\t\t\t\t\t\t\t&nbsp;<a href=\"https:\/\/www.claudiarudge.com\/fr\/tag\/texte\/\" rel=\"tag\">texte<\/a>\t\t\t\t\t<\/span>\n\t\t\t\t\t\t\t\t<\/li>\n\t\t\t\t<\/ul>\n\t\t\t\t\t\t<\/div>\n\t\t\t\t<\/div>\n\t\t\t\t<div class=\"elementor-element elementor-element-86b3807 elementor-widget elementor-widget-theme-post-title elementor-page-title elementor-widget-heading\" data-id=\"86b3807\" data-element_type=\"widget\" data-e-type=\"widget\" data-widget_type=\"theme-post-title.default\">\n\t\t\t\t\t<h1 class=\"elementor-heading-title elementor-size-default\"><a href=\"https:\/\/www.claudiarudge.com\/fr\/texto\/pirajucara-3\/\" target=\"_blank\">piraju\u00e7ara<\/a><\/h1>\t\t\t\t<\/div>\n\t\t\t\t\t<\/div>\n\t\t\t\t<\/div>\n\t\t\t\t<\/div>\n\t\t\t\t<div data-elementor-type=\"loop-item\" data-elementor-id=\"14864\" class=\"elementor elementor-14864 e-loop-item e-loop-item-17112 post-17112 texto type-texto status-publish format-standard hentry tag-texte\" data-elementor-post-type=\"elementor_library\" data-custom-edit-handle=\"1\">\n\t\t\t<div class=\"elementor-element elementor-element-d262fbb e-flex e-con-boxed e-con e-parent\" data-id=\"d262fbb\" data-element_type=\"container\" data-e-type=\"container\">\n\t\t\t\t\t<div class=\"e-con-inner\">\n\t\t<div class=\"elementor-element elementor-element-37a0726 e-con-full e-flex e-con e-child\" data-id=\"37a0726\" data-element_type=\"container\" data-e-type=\"container\">\n\t\t\t\t<div class=\"elementor-element elementor-element-245e7a2 elementor-widget elementor-widget-post-info\" data-id=\"245e7a2\" data-element_type=\"widget\" data-e-type=\"widget\" data-widget_type=\"post-info.default\">\n\t\t\t\t\t\t\t<ul class=\"elementor-inline-items elementor-icon-list-items elementor-post-info\">\n\t\t\t\t\t\t\t\t<li class=\"elementor-icon-list-item elementor-repeater-item-1671491 elementor-inline-item\">\n\t\t\t\t\t\t\t\t\t\t<span class=\"elementor-icon-list-icon\">\n\t\t\t\t\t\t\t\t<i aria-hidden=\"true\" class=\"fas fa-tags\"><\/i>\t\t\t\t\t\t\t<\/span>\n\t\t\t\t\t\t\t\t\t<span class=\"elementor-icon-list-text elementor-post-info__item elementor-post-info__item--type-custom\">\n\t\t\t\t\t\t\t\t\t\t&nbsp;<a href=\"https:\/\/www.claudiarudge.com\/fr\/tag\/texte\/\" rel=\"tag\">texte<\/a>\t\t\t\t\t<\/span>\n\t\t\t\t\t\t\t\t<\/li>\n\t\t\t\t<\/ul>\n\t\t\t\t\t\t<\/div>\n\t\t\t\t<\/div>\n\t\t\t\t<div class=\"elementor-element elementor-element-86b3807 elementor-widget elementor-widget-theme-post-title elementor-page-title elementor-widget-heading\" data-id=\"86b3807\" data-element_type=\"widget\" data-e-type=\"widget\" data-widget_type=\"theme-post-title.default\">\n\t\t\t\t\t<h1 class=\"elementor-heading-title elementor-size-default\"><a href=\"https:\/\/www.claudiarudge.com\/fr\/texto\/nous-est-une-reflexion-sur-nos-relations-dans-lespace-urbain\/\" target=\"_blank\">\u00ab\u00a0nous\u00a0\u00bb<\/a><\/h1>\t\t\t\t<\/div>\n\t\t\t\t\t<\/div>\n\t\t\t\t<\/div>\n\t\t\t\t<\/div>\n\t\t\t\t<div data-elementor-type=\"loop-item\" data-elementor-id=\"14864\" class=\"elementor elementor-14864 e-loop-item e-loop-item-17104 post-17104 texto type-texto status-publish format-standard hentry tag-texte\" data-elementor-post-type=\"elementor_library\" data-custom-edit-handle=\"1\">\n\t\t\t<div class=\"elementor-element elementor-element-d262fbb e-flex e-con-boxed e-con e-parent\" data-id=\"d262fbb\" data-element_type=\"container\" data-e-type=\"container\">\n\t\t\t\t\t<div class=\"e-con-inner\">\n\t\t<div class=\"elementor-element elementor-element-37a0726 e-con-full e-flex e-con e-child\" data-id=\"37a0726\" data-element_type=\"container\" data-e-type=\"container\">\n\t\t\t\t<div class=\"elementor-element elementor-element-245e7a2 elementor-widget elementor-widget-post-info\" data-id=\"245e7a2\" data-element_type=\"widget\" data-e-type=\"widget\" data-widget_type=\"post-info.default\">\n\t\t\t\t\t\t\t<ul class=\"elementor-inline-items elementor-icon-list-items elementor-post-info\">\n\t\t\t\t\t\t\t\t<li class=\"elementor-icon-list-item elementor-repeater-item-1671491 elementor-inline-item\">\n\t\t\t\t\t\t\t\t\t\t<span class=\"elementor-icon-list-icon\">\n\t\t\t\t\t\t\t\t<i aria-hidden=\"true\" class=\"fas fa-tags\"><\/i>\t\t\t\t\t\t\t<\/span>\n\t\t\t\t\t\t\t\t\t<span class=\"elementor-icon-list-text elementor-post-info__item elementor-post-info__item--type-custom\">\n\t\t\t\t\t\t\t\t\t\t&nbsp;<a href=\"https:\/\/www.claudiarudge.com\/fr\/tag\/texte\/\" rel=\"tag\">texte<\/a>\t\t\t\t\t<\/span>\n\t\t\t\t\t\t\t\t<\/li>\n\t\t\t\t<\/ul>\n\t\t\t\t\t\t<\/div>\n\t\t\t\t<\/div>\n\t\t\t\t<div class=\"elementor-element elementor-element-86b3807 elementor-widget elementor-widget-theme-post-title elementor-page-title elementor-widget-heading\" data-id=\"86b3807\" data-element_type=\"widget\" data-e-type=\"widget\" data-widget_type=\"theme-post-title.default\">\n\t\t\t\t\t<h1 class=\"elementor-heading-title elementor-size-default\"><a href=\"https:\/\/www.claudiarudge.com\/fr\/texto\/la-femme-qui-marche\/\" target=\"_blank\">La femme qui marche<\/a><\/h1>\t\t\t\t<\/div>\n\t\t\t\t\t<\/div>\n\t\t\t\t<\/div>\n\t\t\t\t<\/div>\n\t\t\t\t<div data-elementor-type=\"loop-item\" data-elementor-id=\"14864\" class=\"elementor elementor-14864 e-loop-item e-loop-item-17102 post-17102 texto type-texto status-publish format-standard hentry category-memoire tag-texte\" data-elementor-post-type=\"elementor_library\" data-custom-edit-handle=\"1\">\n\t\t\t<div class=\"elementor-element elementor-element-d262fbb e-flex e-con-boxed e-con e-parent\" data-id=\"d262fbb\" data-element_type=\"container\" data-e-type=\"container\">\n\t\t\t\t\t<div class=\"e-con-inner\">\n\t\t<div class=\"elementor-element elementor-element-37a0726 e-con-full e-flex e-con e-child\" data-id=\"37a0726\" data-element_type=\"container\" data-e-type=\"container\">\n\t\t\t\t<div class=\"elementor-element elementor-element-245e7a2 elementor-widget elementor-widget-post-info\" data-id=\"245e7a2\" data-element_type=\"widget\" data-e-type=\"widget\" data-widget_type=\"post-info.default\">\n\t\t\t\t\t\t\t<ul class=\"elementor-inline-items elementor-icon-list-items elementor-post-info\">\n\t\t\t\t\t\t\t\t<li class=\"elementor-icon-list-item elementor-repeater-item-1671491 elementor-inline-item\">\n\t\t\t\t\t\t\t\t\t\t<span class=\"elementor-icon-list-icon\">\n\t\t\t\t\t\t\t\t<i aria-hidden=\"true\" class=\"fas fa-tags\"><\/i>\t\t\t\t\t\t\t<\/span>\n\t\t\t\t\t\t\t\t\t<span class=\"elementor-icon-list-text elementor-post-info__item elementor-post-info__item--type-custom\">\n\t\t\t\t\t\t\t\t\t\t&nbsp;<a href=\"https:\/\/www.claudiarudge.com\/fr\/tag\/texte\/\" rel=\"tag\">texte<\/a>\t\t\t\t\t<\/span>\n\t\t\t\t\t\t\t\t<\/li>\n\t\t\t\t<\/ul>\n\t\t\t\t\t\t<\/div>\n\t\t\t\t<\/div>\n\t\t\t\t<div class=\"elementor-element elementor-element-86b3807 elementor-widget elementor-widget-theme-post-title elementor-page-title elementor-widget-heading\" data-id=\"86b3807\" data-element_type=\"widget\" data-e-type=\"widget\" data-widget_type=\"theme-post-title.default\">\n\t\t\t\t\t<h1 class=\"elementor-heading-title elementor-size-default\"><a href=\"https:\/\/www.claudiarudge.com\/fr\/texto\/une-metaphysique-du-mur-a-travers-limage\/\" target=\"_blank\">seuil, une m\u00e9taphysique du mur par l\u2019image<\/a><\/h1>\t\t\t\t<\/div>\n\t\t\t\t<div class=\"elementor-element elementor-element-339bb26 elementor-widget elementor-widget-theme-post-excerpt\" data-id=\"339bb26\" data-element_type=\"widget\" data-e-type=\"widget\" data-widget_type=\"theme-post-excerpt.default\">\n\t\t\t\t\tMaster Arts Plastiques, 2020\r\n        \u00c9cole Sup\u00e9rieure d'Arts de la Sorbonne - Universit\u00e9 Paris I\r\n\t\t\t\t<\/div>\n\t\t\t\t\t<\/div>\n\t\t\t\t<\/div>\n\t\t\t\t<\/div>\n\t\t\t\t<div data-elementor-type=\"loop-item\" data-elementor-id=\"14864\" class=\"elementor elementor-14864 e-loop-item e-loop-item-17100 post-17100 texto type-texto status-publish format-standard hentry category-memoire tag-texte\" data-elementor-post-type=\"elementor_library\" data-custom-edit-handle=\"1\">\n\t\t\t<div class=\"elementor-element elementor-element-d262fbb e-flex e-con-boxed e-con e-parent\" data-id=\"d262fbb\" data-element_type=\"container\" data-e-type=\"container\">\n\t\t\t\t\t<div class=\"e-con-inner\">\n\t\t<div class=\"elementor-element elementor-element-37a0726 e-con-full e-flex e-con e-child\" data-id=\"37a0726\" data-element_type=\"container\" data-e-type=\"container\">\n\t\t\t\t<div class=\"elementor-element elementor-element-245e7a2 elementor-widget elementor-widget-post-info\" data-id=\"245e7a2\" data-element_type=\"widget\" data-e-type=\"widget\" data-widget_type=\"post-info.default\">\n\t\t\t\t\t\t\t<ul class=\"elementor-inline-items elementor-icon-list-items elementor-post-info\">\n\t\t\t\t\t\t\t\t<li class=\"elementor-icon-list-item elementor-repeater-item-1671491 elementor-inline-item\">\n\t\t\t\t\t\t\t\t\t\t<span class=\"elementor-icon-list-icon\">\n\t\t\t\t\t\t\t\t<i aria-hidden=\"true\" class=\"fas fa-tags\"><\/i>\t\t\t\t\t\t\t<\/span>\n\t\t\t\t\t\t\t\t\t<span class=\"elementor-icon-list-text elementor-post-info__item elementor-post-info__item--type-custom\">\n\t\t\t\t\t\t\t\t\t\t&nbsp;<a href=\"https:\/\/www.claudiarudge.com\/fr\/tag\/texte\/\" rel=\"tag\">texte<\/a>\t\t\t\t\t<\/span>\n\t\t\t\t\t\t\t\t<\/li>\n\t\t\t\t<\/ul>\n\t\t\t\t\t\t<\/div>\n\t\t\t\t<\/div>\n\t\t\t\t<div class=\"elementor-element elementor-element-86b3807 elementor-widget elementor-widget-theme-post-title elementor-page-title elementor-widget-heading\" data-id=\"86b3807\" data-element_type=\"widget\" data-e-type=\"widget\" data-widget_type=\"theme-post-title.default\">\n\t\t\t\t\t<h1 class=\"elementor-heading-title elementor-size-default\"><a href=\"https:\/\/www.claudiarudge.com\/fr\/texto\/quand-les-photographes-prennent-position-ethique-et-photographie-documentaire\/\" target=\"_blank\">Quand les photographes prennent position; l&rsquo;\u00e9thique et photographie de style documentaire<\/a><\/h1>\t\t\t\t<\/div>\n\t\t\t\t<div class=\"elementor-element elementor-element-339bb26 elementor-widget elementor-widget-theme-post-excerpt\" data-id=\"339bb26\" data-element_type=\"widget\" data-e-type=\"widget\" data-widget_type=\"theme-post-excerpt.default\">\n\t\t\t\t\tMaster Arts, parcours photographie et art contemporain, 2018\t\t\t\t<\/div>\n\t\t\t\t\t<\/div>\n\t\t\t\t<\/div>\n\t\t\t\t<\/div>\n\t\t\t\t<\/div>\n\t\t\n\t\t\t\t\t\t<\/div>\n\t\t\t\t<\/div>\n\t\t\t\t\t<\/div>\n\t\t\t\t<\/div>\n\t\t\t\t<\/div>\n\t\t","protected":false},"excerpt":{"rendered":"","protected":false},"author":1,"featured_media":0,"parent":0,"menu_order":0,"comment_status":"closed","ping_status":"closed","template":"","meta":{"_acf_changed":false,"footnotes":""},"class_list":["post-16478","page","type-page","status-publish","hentry"],"acf":[],"_links":{"self":[{"href":"https:\/\/www.claudiarudge.com\/fr\/wp-json\/wp\/v2\/pages\/16478","targetHints":{"allow":["GET"]}}],"collection":[{"href":"https:\/\/www.claudiarudge.com\/fr\/wp-json\/wp\/v2\/pages"}],"about":[{"href":"https:\/\/www.claudiarudge.com\/fr\/wp-json\/wp\/v2\/types\/page"}],"author":[{"embeddable":true,"href":"https:\/\/www.claudiarudge.com\/fr\/wp-json\/wp\/v2\/users\/1"}],"replies":[{"embeddable":true,"href":"https:\/\/www.claudiarudge.com\/fr\/wp-json\/wp\/v2\/comments?post=16478"}],"version-history":[{"count":16,"href":"https:\/\/www.claudiarudge.com\/fr\/wp-json\/wp\/v2\/pages\/16478\/revisions"}],"predecessor-version":[{"id":20001,"href":"https:\/\/www.claudiarudge.com\/fr\/wp-json\/wp\/v2\/pages\/16478\/revisions\/20001"}],"wp:attachment":[{"href":"https:\/\/www.claudiarudge.com\/fr\/wp-json\/wp\/v2\/media?parent=16478"}],"curies":[{"name":"wp","href":"https:\/\/api.w.org\/{rel}","templated":true}]}}